{"id":65,"date":"2025-10-05T17:37:53","date_gmt":"2025-10-05T15:37:53","guid":{"rendered":"https:\/\/sergeymartyn.com\/elementor-57\/"},"modified":"2025-10-23T15:06:31","modified_gmt":"2025-10-23T13:06:31","slug":"elementor-57","status":"publish","type":"page","link":"https:\/\/sergeymartyn.com\/de\/","title":{"rendered":"Sergey Martyn"},"content":{"rendered":"\t\t<div data-elementor-type=\"wp-page\" data-elementor-id=\"65\" class=\"elementor elementor-65 elementor-57\" data-elementor-post-type=\"page\">\n\t\t\t\t<div class=\"elementor-element elementor-element-5926135 e-flex e-con-boxed e-con e-parent\" data-id=\"5926135\" data-element_type=\"container\" data-e-type=\"container\">\n\t\t\t\t\t<div class=\"e-con-inner\">\n\t\t<div class=\"elementor-element elementor-element-dfbcb2a e-flex e-con-boxed e-con e-child\" data-id=\"dfbcb2a\" data-element_type=\"container\" data-e-type=\"container\" data-settings=\"{&quot;background_background&quot;:&quot;classic&quot;}\">\n\t\t\t\t\t<div class=\"e-con-inner\">\n\t\t<div class=\"elementor-element elementor-element-4f89955 e-con-full e-flex e-con e-child\" data-id=\"4f89955\" data-element_type=\"container\" data-e-type=\"container\">\n\t\t\t\t<div class=\"elementor-element elementor-element-e8240ff elementor-widget elementor-widget-heading\" data-id=\"e8240ff\" data-element_type=\"widget\" data-e-type=\"widget\" data-widget_type=\"heading.default\">\n\t\t\t\t\t<h2 class=\"elementor-heading-title elementor-size-default\">Hey, ich bin Sergey -<\/h2>\t\t\t\t<\/div>\n\t\t\t\t<div class=\"elementor-element elementor-element-6e7f9f6 elementor-widget elementor-widget-text-editor\" data-id=\"6e7f9f6\" data-element_type=\"widget\" data-e-type=\"widget\" data-widget_type=\"text-editor.default\">\n\t\t\t\t\t\t\t\t\t <span style=\"background:linear-gradient(transparent 60%, #FFDC58 60%);\">Produktmanager<\/span> mit Unternehmergeist.\t\t\t\t\t\t\t\t<\/div>\n\t\t\t\t<div class=\"elementor-element elementor-element-70040d2 elementor-widget elementor-widget-text-editor\" data-id=\"70040d2\" data-element_type=\"widget\" data-e-type=\"widget\" data-widget_type=\"text-editor.default\">\n\t\t\t\t\t\t\t\t\tIch liebe es, Ideen zum Leben zu erwecken und <span style=\"background:linear-gradient(transparent 60%, #FFDC58 60%);\">Business, Technik und Menschen miteinander zu verbinden<\/span>.\t\t\t\t\t\t\t\t<\/div>\n\t\t\t\t<\/div>\n\t\t<div class=\"elementor-element elementor-element-99bf3a8 e-con-full e-flex e-con e-child\" data-id=\"99bf3a8\" data-element_type=\"container\" data-e-type=\"container\">\n\t\t\t\t<\/div>\n\t\t\t\t\t<\/div>\n\t\t\t\t<\/div>\n\t\t\t\t\t<\/div>\n\t\t\t\t<\/div>\n\t\t<div class=\"elementor-element elementor-element-86cbb8f e-flex e-con-boxed e-con e-parent\" data-id=\"86cbb8f\" data-element_type=\"container\" data-e-type=\"container\">\n\t\t\t\t\t<div class=\"e-con-inner\">\n\t\t\t\t<div class=\"elementor-element elementor-element-d4fe56f elementor-widget elementor-widget-heading\" data-id=\"d4fe56f\" data-element_type=\"widget\" data-e-type=\"widget\" data-widget_type=\"heading.default\">\n\t\t\t\t\t<h1 class=\"elementor-heading-title elementor-size-default\">Du kannst nicht alles wissen. Aber <span class=\"underline\">du kannst alles lernen<\/span>. <\/h1>\t\t\t\t<\/div>\n\t\t\t\t<div class=\"elementor-element elementor-element-c3de817 elementor-widget elementor-widget-text-editor\" data-id=\"c3de817\" data-element_type=\"widget\" data-e-type=\"widget\" data-widget_type=\"text-editor.default\">\n\t\t\t\t\t\t\t\t\t<p style=\"text-align: right;\"><span style=\"color: #000000;\">Ich.<\/span><\/p>\t\t\t\t\t\t\t\t<\/div>\n\t\t\t\t<div class=\"elementor-element elementor-element-9d1f719 elementor-widget elementor-widget-text-editor\" data-id=\"9d1f719\" data-element_type=\"widget\" data-e-type=\"widget\" data-widget_type=\"text-editor.default\">\n\t\t\t\t\t\t\t\t\t<p>Ich bin Produktmanager mit unternehmerischer Erfahrung. Ich habe an SaaS-, B2B- und B2C-Projekten gearbeitet und auch physische Produkte entwickelt. Ich verbinde Business, Technologie und Nutzer &#8211; und spreche dabei dieselbe Sprache wie Kund:innen, Entwickler:innen und F\u00fchrungskr\u00e4fte. Ich mag kreative Ans\u00e4tze und finde gern unkonventionelle L\u00f6sungen, achte dabei aber immer darauf, Entscheidungen auf Daten zu st\u00fctzen.   <\/p><p>Ich finde, Wow-Effekte und neue Ideen sind gro\u00dfartig &#8211; aber Hypothesen sollte man immer schnell und kosteng\u00fcnstig testen. KPIs und Metriken helfen, Ergebnisse zu messen, doch echtes Produktverst\u00e4ndnis entsteht durch Empathie und den Blick aus der Perspektive der Nutzer:innen. <\/p>\t\t\t\t\t\t\t\t<\/div>\n\t\t\t\t<div class=\"elementor-element elementor-element-35c47e2 elementor-widget elementor-widget-menu-anchor\" data-id=\"35c47e2\" data-element_type=\"widget\" data-e-type=\"widget\" data-widget_type=\"menu-anchor.default\">\n\t\t\t\t\t\t\t<div class=\"elementor-menu-anchor\" id=\"portfolio\"><\/div>\n\t\t\t\t\t\t<\/div>\n\t\t\t\t<div class=\"elementor-element elementor-element-12e503f elementor-widget elementor-widget-heading\" data-id=\"12e503f\" data-element_type=\"widget\" data-e-type=\"widget\" data-widget_type=\"heading.default\">\n\t\t\t\t\t<h2 class=\"elementor-heading-title elementor-size-default\">Mein <span style=\"background:linear-gradient(transparent 60%, #ffeb3b 60%)\">Portfolio<\/span><\/h2>\t\t\t\t<\/div>\n\t\t\t\t<div class=\"elementor-element elementor-element-27c2996 elementor-widget elementor-widget-text-editor\" data-id=\"27c2996\" data-element_type=\"widget\" data-e-type=\"widget\" data-widget_type=\"text-editor.default\">\n\t\t\t\t\t\t\t\t\t<p data-start=\"0\" data-end=\"277\">Hier sind einige Projekte, die ich von Grund auf aufgebaut habe &#8211; als Mitgr\u00fcnder oder Produktmanager. Jedes davon hat mir etwas Wertvolles beigebracht: Manche brachten gro\u00dfartige Ergebnisse, andere wichtige Erkenntnisse. Beides pr\u00e4gt, wie ich heute Produkte gestalte. <\/p>\t\t\t\t\t\t\t\t<\/div>\n\t\t\t\t<div class=\"elementor-element elementor-element-098970f elementor-posts--align-center elementor-grid-3 elementor-grid-tablet-2 elementor-grid-mobile-1 elementor-posts--thumbnail-top elementor-widget elementor-widget-posts\" data-id=\"098970f\" data-element_type=\"widget\" data-e-type=\"widget\" data-settings=\"{&quot;classic_row_gap&quot;:{&quot;unit&quot;:&quot;px&quot;,&quot;size&quot;:44,&quot;sizes&quot;:[]},&quot;classic_columns&quot;:&quot;3&quot;,&quot;classic_columns_tablet&quot;:&quot;2&quot;,&quot;classic_columns_mobile&quot;:&quot;1&quot;,&quot;classic_row_gap_tablet&quot;:{&quot;unit&quot;:&quot;px&quot;,&quot;size&quot;:&quot;&quot;,&quot;sizes&quot;:[]},&quot;classic_row_gap_mobile&quot;:{&quot;unit&quot;:&quot;px&quot;,&quot;size&quot;:&quot;&quot;,&quot;sizes&quot;:[]}}\" data-widget_type=\"posts.classic\">\n\t\t\t\t<div class=\"elementor-widget-container\">\n\t\t\t\t\t\t\t<div class=\"elementor-posts-container elementor-posts elementor-posts--skin-classic elementor-grid\" role=\"list\">\n\t\t\t\t<article class=\"elementor-post elementor-grid-item post-345 post type-post status-publish format-standard has-post-thumbnail hentry category-nicht-kategorisiert\" role=\"listitem\">\n\t\t\t\t<a class=\"elementor-post__thumbnail__link\" href=\"https:\/\/sergeymartyn.com\/de\/plattform-fuer-mentale-gesundheit\/\" tabindex=\"-1\" >\n\t\t\t<div class=\"elementor-post__thumbnail\"><img fetchpriority=\"high\" decoding=\"async\" width=\"567\" height=\"567\" src=\"https:\/\/sergeymartyn.com\/wp-content\/uploads\/happia.life-post.png\" class=\"attachment-full size-full wp-image-343\" alt=\"\" srcset=\"https:\/\/sergeymartyn.com\/wp-content\/uploads\/happia.life-post.png 567w, https:\/\/sergeymartyn.com\/wp-content\/uploads\/happia.life-post-300x300.png 300w\" sizes=\"(max-width: 567px) 100vw, 567px\" \/><\/div>\n\t\t<\/a>\n\t\t\t\t<div class=\"elementor-post__text\">\n\t\t\t\t<h2 class=\"elementor-post__title\">\n\t\t\t<a href=\"https:\/\/sergeymartyn.com\/de\/plattform-fuer-mentale-gesundheit\/\" >\n\t\t\t\tPlattform f\u00fcr mentale Gesundheit\t\t\t<\/a>\n\t\t<\/h2>\n\t\t\t\t<div class=\"elementor-post__excerpt\">\n\t\t\t<p>Online-Plattform f\u00fcr Fachleute und Organisationen im Bereich psychische Gesundheit. Sie erm\u00f6glicht das Erstellen von Profilen, das Ver\u00f6ffentlichen von Artikeln und das Veranstalten von Events mit Ticketverkauf. Die mehrsprachige Kommunikation wird durch die DeepL-Integration unterst\u00fctzt.<\/p>\n\t\t<\/div>\n\t\t\t\t<\/div>\n\t\t\t\t<\/article>\n\t\t\t\t<article class=\"elementor-post elementor-grid-item post-349 post type-post status-publish format-standard has-post-thumbnail hentry category-nicht-kategorisiert\" role=\"listitem\">\n\t\t\t\t<a class=\"elementor-post__thumbnail__link\" href=\"https:\/\/sergeymartyn.com\/de\/hm\/\" tabindex=\"-1\" >\n\t\t\t<div class=\"elementor-post__thumbnail\"><img decoding=\"async\" width=\"567\" height=\"567\" src=\"https:\/\/sergeymartyn.com\/wp-content\/uploads\/happia-post.png\" class=\"attachment-full size-full wp-image-344\" alt=\"\" srcset=\"https:\/\/sergeymartyn.com\/wp-content\/uploads\/happia-post.png 567w, https:\/\/sergeymartyn.com\/wp-content\/uploads\/happia-post-300x300.png 300w\" sizes=\"(max-width: 567px) 100vw, 567px\" \/><\/div>\n\t\t<\/a>\n\t\t\t\t<div class=\"elementor-post__text\">\n\t\t\t\t<h2 class=\"elementor-post__title\">\n\t\t\t<a href=\"https:\/\/sergeymartyn.com\/de\/hm\/\" >\n\t\t\t\tOmnichannel-Handelsnetz\t\t\t<\/a>\n\t\t<\/h2>\n\t\t\t\t<div class=\"elementor-post__excerpt\">\n\t\t\t<p>Von Grund auf mit eigener Produktlinie f\u00fcr Dekoration und Make-up aufgebaut. Seit \u00fcber 15 Jahren am Markt \u2013 mit einem Echtzeit-Bestellsystem \u00fcber mehrere Lager, das den gesamten Prozess f\u00fcr Kund:innen transparent macht. <\/p>\n\t\t<\/div>\n\t\t\t\t<\/div>\n\t\t\t\t<\/article>\n\t\t\t\t<article class=\"elementor-post elementor-grid-item post-352 post type-post status-publish format-standard has-post-thumbnail hentry category-nicht-kategorisiert\" role=\"listitem\">\n\t\t\t\t<a class=\"elementor-post__thumbnail__link\" href=\"https:\/\/sergeymartyn.com\/de\/plattform-fuer-sportanlagen-management\/\" tabindex=\"-1\" >\n\t\t\t<div class=\"elementor-post__thumbnail\"><img decoding=\"async\" width=\"567\" height=\"567\" src=\"https:\/\/sergeymartyn.com\/wp-content\/uploads\/gv-post.png\" class=\"attachment-full size-full wp-image-348\" alt=\"\" srcset=\"https:\/\/sergeymartyn.com\/wp-content\/uploads\/gv-post.png 567w, https:\/\/sergeymartyn.com\/wp-content\/uploads\/gv-post-300x300.png 300w\" sizes=\"(max-width: 567px) 100vw, 567px\" \/><\/div>\n\t\t<\/a>\n\t\t\t\t<div class=\"elementor-post__text\">\n\t\t\t\t<h2 class=\"elementor-post__title\">\n\t\t\t<a href=\"https:\/\/sergeymartyn.com\/de\/plattform-fuer-sportanlagen-management\/\" >\n\t\t\t\tPlattform f\u00fcr Sportanlagen-Management\t\t\t<\/a>\n\t\t<\/h2>\n\t\t\t\t<div class=\"elementor-post__excerpt\">\n\t\t\t<p>Verwaltungssystem f\u00fcr Sportclubs und Anlagen. Es organisiert Mitgliedschaften, Platzbuchungen und Zahlungen und bietet ein \u201eFair-Booking\u201c-System, das die Nachfrage ausgleicht und Spieler:innen erm\u00f6glicht, reservierte Zeiten einfach zu tauschen.<\/p>\n\t\t<\/div>\n\t\t\t\t<\/div>\n\t\t\t\t<\/article>\n\t\t\t\t<article class=\"elementor-post elementor-grid-item post-355 post type-post status-publish format-standard has-post-thumbnail hentry category-nicht-kategorisiert\" role=\"listitem\">\n\t\t\t\t<a class=\"elementor-post__thumbnail__link\" href=\"https:\/\/sergeymartyn.com\/de\/freizeitzentrum-system\/\" tabindex=\"-1\" >\n\t\t\t<div class=\"elementor-post__thumbnail\"><img loading=\"lazy\" decoding=\"async\" width=\"567\" height=\"567\" src=\"https:\/\/sergeymartyn.com\/wp-content\/uploads\/bel-post.png\" class=\"attachment-full size-full wp-image-351\" alt=\"\" srcset=\"https:\/\/sergeymartyn.com\/wp-content\/uploads\/bel-post.png 567w, https:\/\/sergeymartyn.com\/wp-content\/uploads\/bel-post-300x300.png 300w\" sizes=\"(max-width: 567px) 100vw, 567px\" \/><\/div>\n\t\t<\/a>\n\t\t\t\t<div class=\"elementor-post__text\">\n\t\t\t\t<h2 class=\"elementor-post__title\">\n\t\t\t<a href=\"https:\/\/sergeymartyn.com\/de\/freizeitzentrum-system\/\" >\n\t\t\t\tFreizeitzentrum-System\t\t\t<\/a>\n\t\t<\/h2>\n\t\t\t\t<div class=\"elementor-post__excerpt\">\n\t\t\t<p>Eine All-in-one-Plattform f\u00fcr Raum\u00adbuchungen, Eventmanagement, Mitgliedschaften und Ticketzugang. Eingesetzt in einem Familien\u00adfreizeitzentrum mit Kegelbahn, Tischtennis, Badminton, kleinem Kino und Caf\u00e9.<\/p>\n\t\t<\/div>\n\t\t\t\t<\/div>\n\t\t\t\t<\/article>\n\t\t\t\t<article class=\"elementor-post elementor-grid-item post-358 post type-post status-publish format-standard has-post-thumbnail hentry category-nicht-kategorisiert\" role=\"listitem\">\n\t\t\t\t<a class=\"elementor-post__thumbnail__link\" href=\"https:\/\/sergeymartyn.com\/de\/plattform-fuer-nachhilfe-und-abschlussarbeiten\/\" tabindex=\"-1\" >\n\t\t\t<div class=\"elementor-post__thumbnail\"><img loading=\"lazy\" decoding=\"async\" width=\"567\" height=\"567\" src=\"https:\/\/sergeymartyn.com\/wp-content\/uploads\/iq-post.png\" class=\"attachment-full size-full wp-image-354\" alt=\"\" srcset=\"https:\/\/sergeymartyn.com\/wp-content\/uploads\/iq-post.png 567w, https:\/\/sergeymartyn.com\/wp-content\/uploads\/iq-post-300x300.png 300w\" sizes=\"(max-width: 567px) 100vw, 567px\" \/><\/div>\n\t\t<\/a>\n\t\t\t\t<div class=\"elementor-post__text\">\n\t\t\t\t<h2 class=\"elementor-post__title\">\n\t\t\t<a href=\"https:\/\/sergeymartyn.com\/de\/plattform-fuer-nachhilfe-und-abschlussarbeiten\/\" >\n\t\t\t\tPlattform f\u00fcr Nachhilfe und Abschlussarbeiten\t\t\t<\/a>\n\t\t<\/h2>\n\t\t\t\t<div class=\"elementor-post__excerpt\">\n\t\t\t<p>Ein Service, der Studierende mit Tutor:innen und Betreuer:innen f\u00fcr Pr\u00fcfungen und Abschlussarbeiten verbindet. Beinhaltete ein vollst\u00e4ndiges System f\u00fcr Anfragen, Projektverfolgung und Tutor:innenverwaltung.<\/p>\n\t\t<\/div>\n\t\t\t\t<\/div>\n\t\t\t\t<\/article>\n\t\t\t\t<article class=\"elementor-post elementor-grid-item post-361 post type-post status-publish format-standard has-post-thumbnail hentry category-nicht-kategorisiert\" role=\"listitem\">\n\t\t\t\t<a class=\"elementor-post__thumbnail__link\" href=\"https:\/\/sergeymartyn.com\/de\/martyns-hochzeitskutsche\/\" tabindex=\"-1\" >\n\t\t\t<div class=\"elementor-post__thumbnail\"><img loading=\"lazy\" decoding=\"async\" width=\"567\" height=\"567\" src=\"https:\/\/sergeymartyn.com\/wp-content\/uploads\/Limousine.png\" class=\"attachment-full size-full wp-image-357\" alt=\"\" srcset=\"https:\/\/sergeymartyn.com\/wp-content\/uploads\/Limousine.png 567w, https:\/\/sergeymartyn.com\/wp-content\/uploads\/Limousine-300x300.png 300w\" sizes=\"(max-width: 567px) 100vw, 567px\" \/><\/div>\n\t\t<\/a>\n\t\t\t\t<div class=\"elementor-post__text\">\n\t\t\t\t<h2 class=\"elementor-post__title\">\n\t\t\t<a href=\"https:\/\/sergeymartyn.com\/de\/martyns-hochzeitskutsche\/\" >\n\t\t\t\tMartyn\u2019s Hochzeitskutsche\t\t\t<\/a>\n\t\t<\/h2>\n\t\t\t\t<div class=\"elementor-post__excerpt\">\n\t\t\t<p>Den gesamten Prozess einer individuellen Hochzeitslimousine organisiert \u2013 von der internationalen Fertigung bis zum Import und der T\u00dcV-Zertifizierung in Deutschland. Offiziell lizenziert unter der Marke Martyn\u2019s Hochzeitskutsche.<\/p>\n\t\t<\/div>\n\t\t\t\t<\/div>\n\t\t\t\t<\/article>\n\t\t\t\t<\/div>\n\t\t\n\t\t\t\t\t\t<\/div>\n\t\t\t\t<\/div>\n\t\t\t\t\t<\/div>\n\t\t\t\t<\/div>\n\t\t<div class=\"elementor-element elementor-element-8cd8fe0 e-flex e-con-boxed e-con e-parent\" data-id=\"8cd8fe0\" data-element_type=\"container\" data-e-type=\"container\">\n\t\t\t\t\t<div class=\"e-con-inner\">\n\t\t\t\t<div class=\"elementor-element elementor-element-01bd7b2 elementor-widget elementor-widget-heading\" data-id=\"01bd7b2\" data-element_type=\"widget\" data-e-type=\"widget\" data-widget_type=\"heading.default\">\n\t\t\t\t\t<h2 class=\"elementor-heading-title elementor-size-default\"><span style=\"background:linear-gradient(transparent 60%, #ffeb3b 60%)\">Kontakt<\/span><\/h2>\t\t\t\t<\/div>\n\t\t\t\t<div class=\"elementor-element elementor-element-ae80f6e elementor-shape-circle elementor-grid-0 e-grid-align-center elementor-widget elementor-widget-social-icons\" data-id=\"ae80f6e\" data-element_type=\"widget\" data-e-type=\"widget\" data-widget_type=\"social-icons.default\">\n\t\t\t\t\t\t\t<div class=\"elementor-social-icons-wrapper elementor-grid\" role=\"list\">\n\t\t\t\t\t\t\t<span class=\"elementor-grid-item\" role=\"listitem\">\n\t\t\t\t\t<a class=\"elementor-icon elementor-social-icon elementor-social-icon-facebook elementor-repeater-item-1b93a3f\" href=\"https:\/\/www.facebook.com\/sergeymartyn.de\/\" target=\"_blank\">\n\t\t\t\t\t\t<span class=\"elementor-screen-only\">Facebook<\/span>\n\t\t\t\t\t\t<svg aria-hidden=\"true\" class=\"e-font-icon-svg e-fab-facebook\" viewBox=\"0 0 512 512\" xmlns=\"http:\/\/www.w3.org\/2000\/svg\"><path d=\"M504 256C504 119 393 8 256 8S8 119 8 256c0 123.78 90.69 226.38 209.25 245V327.69h-63V256h63v-54.64c0-62.15 37-96.48 93.67-96.48 27.14 0 55.52 4.84 55.52 4.84v61h-31.28c-30.8 0-40.41 19.12-40.41 38.73V256h68.78l-11 71.69h-57.78V501C413.31 482.38 504 379.78 504 256z\"><\/path><\/svg>\t\t\t\t\t<\/a>\n\t\t\t\t<\/span>\n\t\t\t\t\t\t\t<span class=\"elementor-grid-item\" role=\"listitem\">\n\t\t\t\t\t<a class=\"elementor-icon elementor-social-icon elementor-social-icon-linkedin elementor-repeater-item-8f206c7\" href=\"https:\/\/www.linkedin.com\/in\/sergeymartyn\" target=\"_blank\">\n\t\t\t\t\t\t<span class=\"elementor-screen-only\">Linkedin<\/span>\n\t\t\t\t\t\t<svg aria-hidden=\"true\" class=\"e-font-icon-svg e-fab-linkedin\" viewBox=\"0 0 448 512\" xmlns=\"http:\/\/www.w3.org\/2000\/svg\"><path d=\"M416 32H31.9C14.3 32 0 46.5 0 64.3v383.4C0 465.5 14.3 480 31.9 480H416c17.6 0 32-14.5 32-32.3V64.3c0-17.8-14.4-32.3-32-32.3zM135.4 416H69V202.2h66.5V416zm-33.2-243c-21.3 0-38.5-17.3-38.5-38.5S80.9 96 102.2 96c21.2 0 38.5 17.3 38.5 38.5 0 21.3-17.2 38.5-38.5 38.5zm282.1 243h-66.4V312c0-24.8-.5-56.7-34.5-56.7-34.6 0-39.9 27-39.9 54.9V416h-66.4V202.2h63.7v29.2h.9c8.9-16.8 30.6-34.5 62.9-34.5 67.2 0 79.7 44.3 79.7 101.9V416z\"><\/path><\/svg>\t\t\t\t\t<\/a>\n\t\t\t\t<\/span>\n\t\t\t\t\t\t\t<span class=\"elementor-grid-item\" role=\"listitem\">\n\t\t\t\t\t<a class=\"elementor-icon elementor-social-icon elementor-social-icon-telegram elementor-repeater-item-1c0ddd1\" href=\"https:\/\/t.me\/@MartynSergey\" target=\"_blank\">\n\t\t\t\t\t\t<span class=\"elementor-screen-only\">Telegram<\/span>\n\t\t\t\t\t\t<svg aria-hidden=\"true\" class=\"e-font-icon-svg e-fab-telegram\" viewBox=\"0 0 496 512\" xmlns=\"http:\/\/www.w3.org\/2000\/svg\"><path d=\"M248 8C111 8 0 119 0 256s111 248 248 248 248-111 248-248S385 8 248 8zm121.8 169.9l-40.7 191.8c-3 13.6-11.1 16.9-22.4 10.5l-62-45.7-29.9 28.8c-3.3 3.3-6.1 6.1-12.5 6.1l4.4-63.1 114.9-103.8c5-4.4-1.1-6.9-7.7-2.5l-142 89.4-61.2-19.1c-13.3-4.2-13.6-13.3 2.8-19.7l239.1-92.2c11.1-4 20.8 2.7 17.2 19.5z\"><\/path><\/svg>\t\t\t\t\t<\/a>\n\t\t\t\t<\/span>\n\t\t\t\t\t<\/div>\n\t\t\t\t\t\t<\/div>\n\t\t\t\t<div class=\"elementor-element elementor-element-7986e9f elementor-widget elementor-widget-menu-anchor\" data-id=\"7986e9f\" data-element_type=\"widget\" data-e-type=\"widget\" data-widget_type=\"menu-anchor.default\">\n\t\t\t\t\t\t\t<div class=\"elementor-menu-anchor\" id=\"contacts\"><\/div>\n\t\t\t\t\t\t<\/div>\n\t\t\t\t\t<\/div>\n\t\t\t\t<\/div>\n\t\t\t\t<\/div>\n\t\t","protected":false},"excerpt":{"rendered":"<p>Hey, ich bin Sergey &#8211; Produktmanager mit Unternehmergeist.Ich liebe es, Ideen zum Leben zu erwecken und Business, Technik und Menschen miteinander zu verbinden. Du kannst nicht alles wissen. Aber du kannst alles lernen. Ich. Ich bin Produktmanager mit unternehmerischer Erfahrung. Ich habe an SaaS-, B2B- und B2C-Projekten gearbeitet und auch physische Produkte entwickelt. Ich verbinde [&hellip;]<\/p>\n","protected":false},"author":1,"featured_media":0,"parent":0,"menu_order":0,"comment_status":"closed","ping_status":"closed","template":"elementor_header_footer","meta":{"footnotes":""},"class_list":["post-65","page","type-page","status-publish","hentry"],"blocksy_meta":[],"_links":{"self":[{"href":"https:\/\/sergeymartyn.com\/de\/wp-json\/wp\/v2\/pages\/65","targetHints":{"allow":["GET"]}}],"collection":[{"href":"https:\/\/sergeymartyn.com\/de\/wp-json\/wp\/v2\/pages"}],"about":[{"href":"https:\/\/sergeymartyn.com\/de\/wp-json\/wp\/v2\/types\/page"}],"author":[{"embeddable":true,"href":"https:\/\/sergeymartyn.com\/de\/wp-json\/wp\/v2\/users\/1"}],"replies":[{"embeddable":true,"href":"https:\/\/sergeymartyn.com\/de\/wp-json\/wp\/v2\/comments?post=65"}],"version-history":[{"count":7,"href":"https:\/\/sergeymartyn.com\/de\/wp-json\/wp\/v2\/pages\/65\/revisions"}],"predecessor-version":[{"id":483,"href":"https:\/\/sergeymartyn.com\/de\/wp-json\/wp\/v2\/pages\/65\/revisions\/483"}],"wp:attachment":[{"href":"https:\/\/sergeymartyn.com\/de\/wp-json\/wp\/v2\/media?parent=65"}],"curies":[{"name":"wp","href":"https:\/\/api.w.org\/{rel}","templated":true}]}}